{"id":44,"date":"2026-04-02T02:12:32","date_gmt":"2026-04-02T02:12:32","guid":{"rendered":"https:\/\/pensiuneacasamaria.ro\/mentions-legales\/"},"modified":"2026-04-02T02:12:32","modified_gmt":"2026-04-02T02:12:32","slug":"mentions-legales","status":"publish","type":"page","link":"https:\/\/pensiuneacasamaria.ro\/fr\/mentions-legales\/","title":{"rendered":"Mentions L\u00e9gales"},"content":{"rendered":"<p>Le pr\u00e9sent document \u00e9tablit les conditions g\u00e9n\u00e9rales r\u00e9gissant l&rsquo;utilisation du site web <strong>https:\/\/pensiuneacasamaria.ro<\/strong>, ci-apr\u00e8s d\u00e9nomm\u00e9 l&rsquo;Annuaire. L&rsquo;acc\u00e8s et l&rsquo;utilisation de ce site web conf\u00e8rent le statut d&rsquo;utilisateur et impliquent l&rsquo;acceptation pleine et enti\u00e8re de toutes les dispositions incluses dans les pr\u00e9sentes Mentions L\u00e9gales.<\/p>\n<h2>Responsable du traitement des donn\u00e9es<\/h2>\n<p>Le propri\u00e9taire de ce site web est le propri\u00e9taire de <strong>Bienvenido a pensiuneacasamaria.ro<\/strong>.<\/p>\n<ul>\n<li><strong>Nom du site web :<\/strong> Bienvenido a pensiuneacasamaria.ro<\/li>\n<\/ul>\n<h2>Propri\u00e9t\u00e9 intellectuelle<\/h2>\n<p>Tout le contenu du site, y compris les textes, graphiques, logos, images, le design graphique, le code source et les logiciels, est la propri\u00e9t\u00e9 exclusive du propri\u00e9taire du R\u00e9pertoire ou de tiers qui en ont autoris\u00e9 l&rsquo;utilisation. Ils sont prot\u00e9g\u00e9s par les lois sur la propri\u00e9t\u00e9 intellectuelle et industrielle.<\/p>\n<p>La reproduction, la distribution, la communication publique, la transformation ou toute autre forme d&rsquo;exploitation de tout ou partie des contenus sans l&rsquo;autorisation \u00e9crite pr\u00e9alable de leurs propri\u00e9taires l\u00e9gitimes est strictement interdite.<\/p>\n<p>Les marques et noms commerciaux de tiers qui pourraient appara\u00eetre dans l&rsquo;Annuaire sont la propri\u00e9t\u00e9 de leurs propri\u00e9taires respectifs. Leur inclusion n&rsquo;implique pas l&rsquo;existence d&rsquo;une relation d&rsquo;association, de collaboration ou de participation entre nous et lesdits propri\u00e9taires.<\/p>\n<h2>Avis de non-responsabilit\u00e9<\/h2>\n<p>Le contenu de cet Annuaire est propos\u00e9 \u00e0 des fins d&rsquo;information. Le propri\u00e9taire du site web met tout en \u0153uvre pour s&rsquo;assurer que l&rsquo;information est exacte et \u00e0 jour ; cependant, il ne peut garantir l&rsquo;absence d&rsquo;erreurs ou l&rsquo;exactitude compl\u00e8te des informations.<\/p>\n<p>Nous ne sommes pas responsables des d\u00e9cisions prises sur la base des informations fournies sur le portail, ni des dommages et pertes caus\u00e9s \u00e0 l&rsquo;utilisateur ou \u00e0 des tiers par des actions fond\u00e9es sur ces informations.<\/p>\n<h2>Liens de Tiers<\/h2>\n<p>L&rsquo;Annuaire peut contenir des liens vers des sites web tiers sur lesquels nous n&rsquo;avons aucun contr\u00f4le et pour lesquels nous n&rsquo;assumons aucune responsabilit\u00e9. L&rsquo;inclusion de ces liens n&rsquo;implique pas une recommandation ou une approbation de leur contenu.<\/p>\n<p>Nous recommandons aux utilisateurs de lire les conditions g\u00e9n\u00e9rales et les politiques de confidentialit\u00e9 de tout site web tiers qu&rsquo;ils visitent.<\/p>\n<h2>Limitation de Responsabilit\u00e9<\/h2>\n<p>L&rsquo;acc\u00e8s \u00e0 l&rsquo;Annuaire peut \u00eatre temporairement suspendu pour des raisons de maintenance, de r\u00e9paration ou de mise \u00e0 jour. Nous ne garantissons pas que le service sera ininterrompu ou exempt de pannes techniques.<\/p>\n<p>Dans toute la mesure permise par la loi, le propri\u00e9taire exclut toute responsabilit\u00e9 pour les dommages de toute nature qui pourraient \u00eatre dus au manque de disponibilit\u00e9 ou de continuit\u00e9 du fonctionnement du R\u00e9pertoire.<\/p>\n<p>L&rsquo;utilisateur reconna\u00eet et accepte qu&rsquo;il utilise le R\u00e9pertoire et ses services sous sa seule et exclusive responsabilit\u00e9.<\/p>\n","protected":false},"excerpt":{"rendered":"<p>Le pr\u00e9sent document \u00e9tablit les conditions g\u00e9n\u00e9rales r\u00e9gissant l&rsquo;utilisation du site web https:\/\/pensiuneacasamaria.ro, ci-apr\u00e8s d\u00e9nomm\u00e9 l&rsquo;Annuaire. L&rsquo;acc\u00e8s et l&rsquo;utilisation de ce site web conf\u00e8rent le statut d&rsquo;utilisateur et impliquent l&rsquo;acceptation pleine et enti\u00e8re de toutes les dispositions incluses dans les pr\u00e9sentes Mentions L\u00e9gales. Responsable du traitement des donn\u00e9es Le propri\u00e9taire de ce site web est<a href=\"https:\/\/pensiuneacasamaria.ro\/fr\/mentions-legales\/\">Lire la suite de <span class=\"sr-only\">\u00ab\u00a0Mentions L\u00e9gales\u00a0\u00bb<\/span><\/a><\/p>\n","protected":false},"author":1,"featured_media":0,"parent":0,"menu_order":0,"comment_status":"closed","ping_status":"closed","template":"","meta":{"footnotes":""},"class_list":["post-44","page","type-page","status-publish","hentry"],"_links":{"self":[{"href":"https:\/\/pensiuneacasamaria.ro\/fr\/wp-json\/wp\/v2\/pages\/44","targetHints":{"allow":["GET"]}}],"collection":[{"href":"https:\/\/pensiuneacasamaria.ro\/fr\/wp-json\/wp\/v2\/pages"}],"about":[{"href":"https:\/\/pensiuneacasamaria.ro\/fr\/wp-json\/wp\/v2\/types\/page"}],"author":[{"embeddable":true,"href":"https:\/\/pensiuneacasamaria.ro\/fr\/wp-json\/wp\/v2\/users\/1"}],"replies":[{"embeddable":true,"href":"https:\/\/pensiuneacasamaria.ro\/fr\/wp-json\/wp\/v2\/comments?post=44"}],"version-history":[{"count":0,"href":"https:\/\/pensiuneacasamaria.ro\/fr\/wp-json\/wp\/v2\/pages\/44\/revisions"}],"wp:attachment":[{"href":"https:\/\/pensiuneacasamaria.ro\/fr\/wp-json\/wp\/v2\/media?parent=44"}],"curies":[{"name":"wp","href":"https:\/\/api.w.org\/{rel}","templated":true}]}}