{"id":28,"date":"2026-04-02T02:12:32","date_gmt":"2026-04-02T02:12:32","guid":{"rendered":"https:\/\/pensiuneacasamaria.ro\/adatvedelmi-iranyelvek\/"},"modified":"2026-04-02T02:12:32","modified_gmt":"2026-04-02T02:12:32","slug":"adatvedelmi-iranyelvek","status":"publish","type":"page","link":"https:\/\/pensiuneacasamaria.ro\/hu\/adatvedelmi-iranyelvek\/","title":{"rendered":"Adatv\u00e9delmi ir\u00e1nyelvek"},"content":{"rendered":"<p>A <strong>Bienvenido a pensiuneacasamaria.ro<\/strong> webhelyen a l\u00e1togat\u00f3ink adatv\u00e9delme kiemelt fontoss\u00e1g\u00fa. Ez az adatv\u00e9delmi ir\u00e1nyelv le\u00edrja, milyen inform\u00e1ci\u00f3kat gy\u0171jt\u00fcnk \u00d6nr\u0151l, mire haszn\u00e1ljuk azokat, \u00e9s milyen jogai vannak vel\u00fck kapcsolatban. Webhely\u00fcnk haszn\u00e1lat\u00e1val \u00d6n elfogadja szem\u00e9lyes adatainak felhaszn\u00e1l\u00e1s\u00e1t a jelen ir\u00e1nyelv szerint.<\/p>\n<h2>Milyen szem\u00e9lyes adatokat gy\u0171jt\u00fcnk \u00e9s mi\u00e9rt<\/h2>\n<p>T\u00f6bb m\u00f3don is gy\u0171jt\u00fcnk inform\u00e1ci\u00f3t, amikor a webhely\u00fcnkkel kapcsolatba l\u00e9p. Az inform\u00e1ci\u00f3k tartalmazhatj\u00e1k:<\/p>\n<ul>\n<li>\n<p><strong>Az \u00d6n \u00e1ltal megadott adatokat:<\/strong> Olyan inform\u00e1ci\u00f3kat, mint p\u00e9ld\u00e1ul a neve, e-mail-c\u00edme \u00e9s telefonsz\u00e1ma, amikor kit\u00f6lt egy kapcsolatfelv\u00e9teli \u0171rlapot, feliratkozik egy h\u00edrlev\u00e9lre vagy regisztr\u00e1l a webhelyre. Ha k\u00f6zz\u00e9tesz egy v\u00e1llalkoz\u00e1st, akkor annak adatait is gy\u0171jtj\u00fck.<\/p>\n<\/li>\n<li>\n<p><strong>Automatikusan gy\u0171jt\u00f6tt adatok:<\/strong> Tartalmazz\u00e1k az IP-c\u00edm\u00e9t, b\u00f6ng\u00e9sz\u0151j\u00e9nek t\u00edpus\u00e1t, oper\u00e1ci\u00f3s rendszer\u00e9t, a megl\u00e1togatott oldalakat, valamint az id\u0151t \u00e9s id\u0151tartamot, amelyet az oldalon t\u00f6lt. Ezt az inform\u00e1ci\u00f3t arra haszn\u00e1ljuk, hogy elemezz\u00fck a trendeket \u00e9s jav\u00edtsuk a felhaszn\u00e1l\u00f3i \u00e9lm\u00e9nyt.<\/p>\n<\/li>\n<li>\n<p><strong>S\u00fctik \u00e9s hasonl\u00f3 technol\u00f3gi\u00e1k:<\/strong> Tov\u00e1bbi inform\u00e1ci\u00f3k\u00e9rt err\u0151l k\u00e9rj\u00fck, olvassa el a mi <a href=\"https:\/\/pensiuneacasamaria.ro\/suti-szabalyzat\">S\u00fcti Szab\u00e1lyzat<\/a> oldalunkat.<\/p>\n<\/li>\n<\/ul>\n<h2>Az \u00d6n adatainak feldolgoz\u00e1s\u00e1nak jogalapja<\/h2>\n<p>A szem\u00e9lyes adataid feldolgoz\u00e1sa k\u00fcl\u00f6nb\u00f6z\u0151 jogalapokon nyugszik:<\/p>\n<ul>\n<li>\n<p><strong>A hozz\u00e1j\u00e1rul\u00e1sod:<\/strong> Amikor megadod nek\u00fcnk a szem\u00e9lyes adataidat, hozz\u00e1j\u00e1rulsz ahhoz, hogy azokat az adott c\u00e9lra gy\u0171jts\u00fck \u00e9s felhaszn\u00e1ljuk. A hozz\u00e1j\u00e1rul\u00e1sodat b\u00e1rmikor visszavonhatod.<\/p>\n<\/li>\n<li>\n<p><strong>Jogos \u00e9rdekek:<\/strong> Szolg\u00e1ltat\u00e1sunk fejleszt\u00e9se \u00e9s fenntart\u00e1sa, a webhelyhaszn\u00e1lat elemz\u00e9se \u00e9s tartalm\u00e1nak optimaliz\u00e1l\u00e1sa \u00e9rdek\u00e9ben. Jogos \u00e9rdekeink nem \u00edrj\u00e1k fel\u00fcl alapvet\u0151 jogaidat.<\/p>\n<\/li>\n<li>\n<p><strong>Jogi k\u00f6telezetts\u00e9g:<\/strong> B\u00edr\u00f3s\u00e1gi vagy k\u00f6zigazgat\u00e1si hat\u00f3s\u00e1gok el\u0151\u00edr\u00e1sainak val\u00f3 megfelel\u00e9s \u00e9rdek\u00e9ben.<\/p>\n<\/li>\n<\/ul>\n<h2>Kivel osztjuk meg adataidat<\/h2>\n<p>Nem adjuk el, nem cser\u00e9lj\u00fck el \u00e9s nem adjuk \u00e1t szem\u00e9lyazonos\u00edt\u00e1sra alkalmas adataidat harmadik feleknek a hozz\u00e1j\u00e1rul\u00e1sod n\u00e9lk\u00fcl. Adataidat megoszthatjuk:<\/p>\n<ul>\n<li>\n<p><strong>Szolg\u00e1ltat\u00f3inkkal:<\/strong> Megb\u00edzhat\u00f3 harmadik felek, akik seg\u00edtenek nek\u00fcnk a weboldal m\u0171k\u00f6dtet\u00e9s\u00e9ben (p\u00e9ld\u00e1ul webt\u00e1rhely vagy e-mail szolg\u00e1ltat\u00e1sok).<\/p>\n<\/li>\n<li>\n<p><strong>Egy\u00e9b felhaszn\u00e1l\u00f3k:<\/strong> Ha k\u00f6zz\u00e9tesz egy v\u00e1llalkoz\u00e1st a k\u00f6nyvt\u00e1runkban, a nyilv\u00e1nos profilodhoz megadott inform\u00e1ci\u00f3k (n\u00e9v, c\u00edm stb.) minden l\u00e1togat\u00f3 sz\u00e1m\u00e1ra l\u00e1that\u00f3ak lesznek.<\/p>\n<\/li>\n<li>\n<p><strong>Jogi k\u00f6vetelm\u00e9nyek:<\/strong> Amennyiben \u00fagy \u00edt\u00e9lj\u00fck meg, hogy ez sz\u00fcks\u00e9ges a t\u00f6rv\u00e9nyek betart\u00e1s\u00e1hoz vagy jogaink, tulajdonunk vagy biztons\u00e1gunk v\u00e9delm\u00e9hez.<\/p>\n<\/li>\n<\/ul>\n<h2>Mennyi ideig \u0151rizz\u00fck meg az adatait<\/h2>\n<p>Szem\u00e9lyes adatait csak addig \u0151rizz\u00fck meg, ameddig az sz\u00fcks\u00e9ges azokhoz a c\u00e9lokhoz, amelyekre gy\u0171jt\u00f6tt\u00fck \u0151ket, ide\u00e9rtve a jogi k\u00f6vetelm\u00e9nyek betart\u00e1s\u00e1t is. P\u00e9ld\u00e1ul fi\u00f3kadatait addig meg\u0151rizz\u00fck, am\u00edg az akt\u00edv, \u00e9s az anonim elemz\u00e9si adatokat hosszabb ideig meg\u0151rizz\u00fck a trendelemz\u00e9s c\u00e9lj\u00e1b\u00f3l.<\/p>\n<h2>Milyen jogai vannak az adataival kapcsolatban<\/h2>\n<p>T\u00f6bb joga is van a szem\u00e9lyes inform\u00e1ci\u00f3ival kapcsolatban, amelyeket mi mindig tiszteletben tartunk:<\/p>\n<ul>\n<li>\n<p><strong>Hozz\u00e1f\u00e9r\u00e9si jog:<\/strong> K\u00e9rje el az \u00d6nr\u0151l t\u00e1rolt szem\u00e9lyes adatai m\u00e1solat\u00e1t.<\/p>\n<\/li>\n<li>\n<p><strong>Helyesb\u00edt\u00e9shez val\u00f3 jog:<\/strong> K\u00e9rje b\u00e1rmely pontatlan adat jav\u00edt\u00e1s\u00e1t.<\/p>\n<\/li>\n<li>\n<p><strong>T\u00f6rl\u00e9shez val\u00f3 jog (\u201eaz elfeledtet\u00e9shez val\u00f3 jog\u201d):<\/strong> K\u00e9rje szem\u00e9lyes adatai t\u00f6rl\u00e9s\u00e9t a rendszereinkb\u0151l.<\/p>\n<\/li>\n<li>\n<p><strong>Az adatkezel\u00e9s korl\u00e1toz\u00e1s\u00e1hoz val\u00f3 jog:<\/strong> K\u00e9rje t\u0151l\u00fcnk szem\u00e9lyes adatainak kezel\u00e9s\u00e9nek korl\u00e1toz\u00e1s\u00e1t.<\/p>\n<\/li>\n<li>\n<p><strong>Az adathordozhat\u00f3s\u00e1ghoz val\u00f3 jog:<\/strong> Szem\u00e9lyes adatait struktur\u00e1lt form\u00e1ban megkapni \u00e9s azokat egy m\u00e1sik adatkezel\u0151nek tov\u00e1bb\u00edtani.<\/p>\n<\/li>\n<li>\n<p><strong>Tiltakoz\u00e1shoz val\u00f3 jog:<\/strong> Tiltakozhat szem\u00e9lyes adatai feldolgoz\u00e1sa ellen, ide\u00e9rtve a k\u00f6zvetlen marketinget is.<\/p>\n<\/li>\n<\/ul>\n<h2>Kapcsolat<\/h2>\n<p>Amennyiben \u00e9lni k\u00edv\u00e1n ezen jogok b\u00e1rmelyik\u00e9vel, vagy k\u00e9rd\u00e9se van a szab\u00e1lyzatot illet\u0151en, a <a href=\"https:\/\/pensiuneacasamaria.ro\/kapcsolat\">kapcsolatfelv\u00e9teli oldal<\/a> oldalon kereszt\u00fcl veheti fel vel\u00fcnk a kapcsolatot.<\/p>\n","protected":false},"excerpt":{"rendered":"<p>A Bienvenido a pensiuneacasamaria.ro webhelyen a l\u00e1togat\u00f3ink adatv\u00e9delme kiemelt fontoss\u00e1g\u00fa. Ez az adatv\u00e9delmi ir\u00e1nyelv le\u00edrja, milyen inform\u00e1ci\u00f3kat gy\u0171jt\u00fcnk \u00d6nr\u0151l, mire haszn\u00e1ljuk azokat, \u00e9s milyen jogai vannak vel\u00fck kapcsolatban. Webhely\u00fcnk haszn\u00e1lat\u00e1val \u00d6n elfogadja szem\u00e9lyes adatainak felhaszn\u00e1l\u00e1s\u00e1t a jelen ir\u00e1nyelv szerint. Milyen szem\u00e9lyes adatokat gy\u0171jt\u00fcnk \u00e9s mi\u00e9rt T\u00f6bb m\u00f3don is gy\u0171jt\u00fcnk inform\u00e1ci\u00f3t, amikor a webhely\u00fcnkkel kapcsolatba l\u00e9p.<a href=\"https:\/\/pensiuneacasamaria.ro\/hu\/adatvedelmi-iranyelvek\/\"><span class=\"sr-only\">&#8222;Adatv\u00e9delmi ir\u00e1nyelvek&#8221;<\/span> tov\u00e1bb olvas\u00e1sa<\/a><\/p>\n","protected":false},"author":1,"featured_media":0,"parent":0,"menu_order":0,"comment_status":"closed","ping_status":"closed","template":"","meta":{"footnotes":""},"class_list":["post-28","page","type-page","status-publish","hentry"],"_links":{"self":[{"href":"https:\/\/pensiuneacasamaria.ro\/hu\/wp-json\/wp\/v2\/pages\/28","targetHints":{"allow":["GET"]}}],"collection":[{"href":"https:\/\/pensiuneacasamaria.ro\/hu\/wp-json\/wp\/v2\/pages"}],"about":[{"href":"https:\/\/pensiuneacasamaria.ro\/hu\/wp-json\/wp\/v2\/types\/page"}],"author":[{"embeddable":true,"href":"https:\/\/pensiuneacasamaria.ro\/hu\/wp-json\/wp\/v2\/users\/1"}],"replies":[{"embeddable":true,"href":"https:\/\/pensiuneacasamaria.ro\/hu\/wp-json\/wp\/v2\/comments?post=28"}],"version-history":[{"count":0,"href":"https:\/\/pensiuneacasamaria.ro\/hu\/wp-json\/wp\/v2\/pages\/28\/revisions"}],"wp:attachment":[{"href":"https:\/\/pensiuneacasamaria.ro\/hu\/wp-json\/wp\/v2\/media?parent=28"}],"curies":[{"name":"wp","href":"https:\/\/api.w.org\/{rel}","templated":true}]}}