{"id":34,"date":"2026-04-02T02:12:32","date_gmt":"2026-04-02T02:12:32","guid":{"rendered":"https:\/\/pensiuneacasamaria.ro\/suti-szabalyzat\/"},"modified":"2026-04-02T02:12:32","modified_gmt":"2026-04-02T02:12:32","slug":"suti-szabalyzat","status":"publish","type":"page","link":"https:\/\/pensiuneacasamaria.ro\/hu\/suti-szabalyzat\/","title":{"rendered":"S\u00fcti Szab\u00e1lyzat"},"content":{"rendered":"<p>Ez a Cookie-szab\u00e1lyzat elmagyar\u00e1zza, mik azok a s\u00fctik, \u00e9s hogyan haszn\u00e1ljuk \u0151ket a(z) <strong>Bienvenido a pensiuneacasamaria.ro<\/strong> oldalon. Az oldalunk b\u00f6ng\u00e9sz\u00e9s\u00e9vel elfogadja a s\u00fctik haszn\u00e1lat\u00e1t a jelen szab\u00e1lyzatban le\u00edrtak szerint.<\/p>\n<p>Tov\u00e1bbi inform\u00e1ci\u00f3k\u00e9rt arr\u00f3l, hogyan haszn\u00e1ljuk, t\u00e1roljuk \u00e9s \u0151rizz\u00fck meg szem\u00e9lyes adatait, k\u00e9rj\u00fck, tekintse meg a(z) <a href=\"https:\/\/pensiuneacasamaria.ro\/adatvedelmi-iranyelvek\">Adatv\u00e9delmi ir\u00e1nyelvek<\/a> oldalt.<\/p>\n<h2>Mik azok a s\u00fctik?<\/h2>\n<p>A s\u00fctik kis sz\u00f6veges f\u00e1jlok, amelyeket a megl\u00e1togatott webhelyek helyeznek el az eszk\u00f6z\u00f6d\u00f6n (sz\u00e1m\u00edt\u00f3g\u00e9p, tablet vagy mobiltelefon). Az\u00e9rt haszn\u00e1ljuk \u0151ket, hogy a webhelyek hat\u00e9konyan m\u0171k\u00f6djenek, megjegyezz\u00e9k a be\u00e1ll\u00edt\u00e1saidat, valamint szem\u00e9lyre szabj\u00e1k a tartalmat \u00e9s a hirdet\u00e9seket.<\/p>\n<h2>Az \u00e1ltalunk haszn\u00e1lt s\u00fctik t\u00edpusai \u00e9s c\u00e9ljuk<\/h2>\n<p>C\u00e9ljuk, id\u0151tartamuk \u00e9s az \u00e1ltaluk kezelt domain szerint k\u00fcl\u00f6nf\u00e9le t\u00edpus\u00fa s\u00fctiket haszn\u00e1lunk. Itt r\u00e9szletezz\u00fck a f\u0151bb kateg\u00f3ri\u00e1kat:<\/p>\n<ul>\n<li>\n<p><strong>Alapvet\u0151\/Sz\u00fcks\u00e9ges s\u00fctik:<\/strong> Elengedhetetlenek az oldal alapvet\u0151 m\u0171k\u00f6d\u00e9s\u00e9hez, lehet\u0151v\u00e9 t\u00e9ve a navig\u00e1ci\u00f3t \u00e9s a kulcsfontoss\u00e1g\u00fa funkci\u00f3k haszn\u00e1lat\u00e1t.<\/p>\n<\/li>\n<li>\n<p><strong>Funkcionalit\u00e1si s\u00fctik:<\/strong> Lehet\u0151v\u00e9 teszik, hogy a weboldal megjegyezze az \u00d6n \u00e1ltal hozott d\u00f6nt\u00e9seket (p\u00e9ld\u00e1ul nyelv vagy r\u00e9gi\u00f3), \u00e9s kib\u0151v\u00edtett, szem\u00e9lyre szabottabb funkci\u00f3kat biztos\u00edtson.<\/p>\n<\/li>\n<li>\n<p><strong>Analitikai \u00e9s teljes\u00edtm\u00e9nys\u00fctik:<\/strong> N\u00e9vtelen inform\u00e1ci\u00f3kat gy\u0171jtenek arr\u00f3l, hogy a l\u00e1togat\u00f3k hogyan haszn\u00e1lj\u00e1k az oldalunkat (legl\u00e1togatottabb oldalak, hib\u00e1k stb.), hogy seg\u00edtsenek nek\u00fcnk jav\u00edtani m\u0171k\u00f6d\u00e9s\u00e9t.<\/p>\n<\/li>\n<li>\n<p><strong>Rekl\u00e1m- vagy C\u00e9lz\u00f3 cookie-k:<\/strong> Arra szolg\u00e1lnak, hogy olyan hirdet\u00e9seket juttassanak el hozz\u00e1d, amelyek relev\u00e1nsabbak sz\u00e1modra \u00e9s az \u00e9rdekl\u0151d\u00e9si k\u00f6r\u00f6dre. Gyakran hirdet\u00e9si h\u00e1l\u00f3zatok helyezik el \u0151ket a mi enged\u00e9ly\u00fcnkkel.<\/p>\n<\/li>\n<\/ul>\n<h2>Haszn\u00e1lt cookie-k t\u00e1bl\u00e1zata<\/h2>\n<p>Az al\u00e1bbiakban r\u00e9szletezz\u00fck a webhely\u00fcnk\u00f6n leggyakrabban haszn\u00e1lt cookie-kat. K\u00e9rj\u00fck, vedd figyelembe, hogy ez a lista v\u00e1ltozhat, \u00e9s id\u0151nk\u00e9nt friss\u00edtj\u00fck.<\/p>\n<div class=\"overflow-x-auto\">\n<table>\n<thead>\n<tr>\n<th>N\u00e9v<\/th>\n<th>Szolg\u00e1ltat\u00f3<\/th>\n<th>C\u00e9l<\/th>\n<th>Id\u0151tartam<\/th>\n<th>T\u00edpus<\/th>\n<\/tr>\n<\/thead>\n<tbody>\n<tr>\n<td><strong>_ga<\/strong><\/td>\n<td>Google Analytics<\/td>\n<td>A felhaszn\u00e1l\u00f3k megk\u00fcl\u00f6nb\u00f6ztet\u00e9s\u00e9re \u00e9s az oldalforgalom n\u00e9vtelen elemz\u00e9s\u00e9re szolg\u00e1l.<\/td>\n<td>2 \u00e9v<\/td>\n<td>Analitika<\/td>\n<\/tr>\n<tr>\n<td><strong>session_id<\/strong><\/td>\n<td>Bienvenido a pensiuneacasamaria.ro<\/td>\n<td>Fenntartja a felhaszn\u00e1l\u00f3 munkamenet\u00e9t a navig\u00e1ci\u00f3 sor\u00e1n.<\/td>\n<td>Munkamenet<\/td>\n<td>Alapvet\u0151<\/td>\n<\/tr>\n<tr>\n<td><strong>cookie_consent<\/strong><\/td>\n<td>Bienvenido a pensiuneacasamaria.ro<\/td>\n<td>T\u00e1rolja a felhaszn\u00e1l\u00f3 s\u00fcti-hozz\u00e1j\u00e1rul\u00e1si \u00e1llapot\u00e1t.<\/td>\n<td>1 \u00e9v<\/td>\n<td>Funkcion\u00e1lis<\/td>\n<\/tr>\n<tr>\n<td><strong>_gid<\/strong><\/td>\n<td>Google Analytics<\/td>\n<td>Egyedi azonos\u00edt\u00f3t r\u00f6gz\u00edt statisztikai adatok el\u0151\u00e1ll\u00edt\u00e1s\u00e1hoz.<\/td>\n<td>24 \u00f3ra<\/td>\n<td>Analitika<\/td>\n<\/tr>\n<tr>\n<td><strong>ad_prefs<\/strong><\/td>\n<td>AdSense \/ Hirdet\u00e9s<\/td>\n<td>Lehet\u0151v\u00e9 teszi a felhaszn\u00e1l\u00f3nak megjelen\u00edtett hirdet\u00e9sek szem\u00e9lyre szab\u00e1s\u00e1t az \u00e9rdekl\u0151d\u00e9si k\u00f6r\u00fck alapj\u00e1n.<\/td>\n<td>6 h\u00f3nap<\/td>\n<td>Hirdet\u00e9s<\/td>\n<\/tr>\n<\/tbody>\n<\/table>\n<\/div>\n<h2>Hogyan kezelhet\u0151k a s\u00fctik?<\/h2>\n<p>A s\u00fcti-be\u00e1ll\u00edt\u00e1sokat k\u00f6zvetlen\u00fcl a b\u00f6ng\u00e9sz\u0151j\u00e9ben kezelheti. A legt\u00f6bb b\u00f6ng\u00e9sz\u0151 lehet\u0151v\u00e9 teszi a s\u00fctik visszautas\u00edt\u00e1s\u00e1t vagy t\u00f6rl\u00e9s\u00e9t. Felh\u00edvjuk figyelm\u00e9t, hogy a s\u00fctik letilt\u00e1sa befoly\u00e1solhatja az oldal m\u0171k\u00f6d\u00e9s\u00e9t.<\/p>\n<p>Az al\u00e1bbiakban a legn\u00e9pszer\u0171bb b\u00f6ng\u00e9sz\u0151k s\u00fag\u00f3oldalainak hivatkoz\u00e1sai tal\u00e1lhat\u00f3k:<\/p>\n<ul>\n<li>Chrome: <a href=\"https:\/\/support.google.com\/accounts\/answer\/32050\" target=\"_blank\" rel=\"noopener noreferrer nofollow\">Chrome s\u00fag\u00f3<\/a><\/li>\n<li>Firefox: <a href=\"https:\/\/support.mozilla.org\/kb\/enhanced-tracking-protection-firefox-desktop\" target=\"_blank\" rel=\"noopener noreferrer nofollow\">Firefox s\u00fag\u00f3<\/a><\/li>\n<li>Safari: <a href=\"https:\/\/support.apple.com\/guide\/safari\/manage-cookies-and-website-data-sfri11471\/mac\" target=\"_blank\" rel=\"noopener noreferrer nofollow\">Safari s\u00fag\u00f3<\/a><\/li>\n<li>Edge: <a href=\"https:\/\/support.microsoft.com\/help\/4027947\/microsoft-edge-delete-cookies\" target=\"_blank\" rel=\"noopener noreferrer nofollow\">Edge s\u00fag\u00f3<\/a><\/li>\n<\/ul>\n<h2>Kapcsolat<\/h2>\n<p>Ha k\u00e9rd\u00e9se van ezzel a S\u00fcti szab\u00e1lyzattal kapcsolatban, felkereshet minket a <a href=\"https:\/\/pensiuneacasamaria.ro\/kapcsolat\">kapcsolatfelv\u00e9teli oldal<\/a> oldalunkon kereszt\u00fcl.<\/p>\n","protected":false},"excerpt":{"rendered":"<p>Ez a Cookie-szab\u00e1lyzat elmagyar\u00e1zza, mik azok a s\u00fctik, \u00e9s hogyan haszn\u00e1ljuk \u0151ket a(z) Bienvenido a pensiuneacasamaria.ro oldalon. Az oldalunk b\u00f6ng\u00e9sz\u00e9s\u00e9vel elfogadja a s\u00fctik haszn\u00e1lat\u00e1t a jelen szab\u00e1lyzatban le\u00edrtak szerint. Tov\u00e1bbi inform\u00e1ci\u00f3k\u00e9rt arr\u00f3l, hogyan haszn\u00e1ljuk, t\u00e1roljuk \u00e9s \u0151rizz\u00fck meg szem\u00e9lyes adatait, k\u00e9rj\u00fck, tekintse meg a(z) Adatv\u00e9delmi ir\u00e1nyelvek oldalt. Mik azok a s\u00fctik? A s\u00fctik kis sz\u00f6veges<a href=\"https:\/\/pensiuneacasamaria.ro\/hu\/suti-szabalyzat\/\"><span class=\"sr-only\">&#8222;S\u00fcti Szab\u00e1lyzat&#8221;<\/span> tov\u00e1bb olvas\u00e1sa<\/a><\/p>\n","protected":false},"author":1,"featured_media":0,"parent":0,"menu_order":0,"comment_status":"closed","ping_status":"closed","template":"","meta":{"footnotes":""},"class_list":["post-34","page","type-page","status-publish","hentry"],"_links":{"self":[{"href":"https:\/\/pensiuneacasamaria.ro\/hu\/wp-json\/wp\/v2\/pages\/34","targetHints":{"allow":["GET"]}}],"collection":[{"href":"https:\/\/pensiuneacasamaria.ro\/hu\/wp-json\/wp\/v2\/pages"}],"about":[{"href":"https:\/\/pensiuneacasamaria.ro\/hu\/wp-json\/wp\/v2\/types\/page"}],"author":[{"embeddable":true,"href":"https:\/\/pensiuneacasamaria.ro\/hu\/wp-json\/wp\/v2\/users\/1"}],"replies":[{"embeddable":true,"href":"https:\/\/pensiuneacasamaria.ro\/hu\/wp-json\/wp\/v2\/comments?post=34"}],"version-history":[{"count":0,"href":"https:\/\/pensiuneacasamaria.ro\/hu\/wp-json\/wp\/v2\/pages\/34\/revisions"}],"wp:attachment":[{"href":"https:\/\/pensiuneacasamaria.ro\/hu\/wp-json\/wp\/v2\/media?parent=34"}],"curies":[{"name":"wp","href":"https:\/\/api.w.org\/{rel}","templated":true}]}}