{"id":40,"date":"2026-04-02T02:12:32","date_gmt":"2026-04-02T02:12:32","guid":{"rendered":"https:\/\/pensiuneacasamaria.ro\/altalanos-szerzodesi-feltetelek\/"},"modified":"2026-04-02T02:12:32","modified_gmt":"2026-04-02T02:12:32","slug":"altalanos-szerzodesi-feltetelek","status":"publish","type":"page","link":"https:\/\/pensiuneacasamaria.ro\/hu\/altalanos-szerzodesi-feltetelek\/","title":{"rendered":"\u00c1ltal\u00e1nos Szerz\u0151d\u00e9si Felt\u00e9telek"},"content":{"rendered":"<p>\u00dcdv\u00f6z\u00f6lj\u00fck a(z) <strong>Bienvenido a pensiuneacasamaria.ro<\/strong> oldalon. A weboldal el\u00e9r\u00e9se \u00e9s haszn\u00e1lata az al\u00e1bbi felt\u00e9telek szerint t\u00f6rt\u00e9nik. A szolg\u00e1ltat\u00e1sok b\u00f6ng\u00e9sz\u00e9s\u00e9vel \u00e9s haszn\u00e1lat\u00e1val teljes eg\u00e9sz\u00e9ben felt\u00e9tel n\u00e9lk\u00fcl elfogadja ezen rendelkez\u00e9seket. Amennyiben nem \u00e9rt egyet a felt\u00e9telekkel, k\u00e9rj\u00fck, ne haszn\u00e1lja a k\u00f6nyvt\u00e1runkat.<\/p>\n<h2>A szolg\u00e1ltat\u00e1s jellege<\/h2>\n<p>Platformunk t\u00e1j\u00e9koztat\u00f3 jelleg\u0171 k\u00f6nyvt\u00e1rk\u00e9nt m\u0171k\u00f6dik, amelynek seg\u00edts\u00e9g\u00e9vel a felhaszn\u00e1l\u00f3k k\u00fcl\u00f6nb\u00f6z\u0151 \u00fczleteket \u00e9s szolg\u00e1ltat\u00f3kat tal\u00e1lhatnak meg \u00e9s vehetnek fel vel\u00fck kapcsolatot. K\u00f6zvet\u00edt\u0151k\u00e9nt m\u0171k\u00f6d\u00fcnk, nem vesz\u00fcnk r\u00e9szt k\u00f6zvetlen\u00fcl semmilyen kereskedelmi tranzakci\u00f3ban, sem az oldalon szerepl\u0151 \u00fczletek \u00e1ltal k\u00edn\u00e1lt szolg\u00e1ltat\u00e1sok ny\u00fajt\u00e1s\u00e1ban.<\/p>\n<p>Nem v\u00e1llalunk felel\u0151ss\u00e9get a weboldalunkon kereszt\u00fcl a v\u00e1llalkoz\u00e1sok \u00e1ltal rekl\u00e1mozott term\u00e9kek vagy szolg\u00e1ltat\u00e1sok min\u0151s\u00e9g\u00e9\u00e9rt, hiteless\u00e9g\u00e9\u00e9rt vagy el\u00e9rhet\u0151s\u00e9g\u00e9\u00e9rt.<\/p>\n<h2>Szellemi \u00e9s ipari tulajdon<\/h2>\n<p>A weboldalon tal\u00e1lhat\u00f3 \u00f6sszes tartalom, bele\u00e9rtve a sz\u00f6veget, grafik\u00e1t, log\u00f3kat, k\u00e9peket, hangot \u00e9s szoftvert, kiz\u00e1r\u00f3lagos tulajdonosa <strong>Bienvenido a pensiuneacasamaria.ro<\/strong> vagy tartalomszolg\u00e1ltat\u00f3i, \u00e9s szellemi tulajdonjogi t\u00f6rv\u00e9nyek v\u00e9dtik. A tartalom reproduk\u00e1l\u00e1sa, terjeszt\u00e9se vagy b\u00e1rmely m\u00e1s form\u00e1ban t\u00f6rt\u00e9n\u0151 felhaszn\u00e1l\u00e1sa szigor\u00faan tilos az el\u0151zetes \u00edr\u00e1sbeli enged\u00e9ly\u00fcnk n\u00e9lk\u00fcl.<\/p>\n<p>A felhaszn\u00e1l\u00f3 beleegyezik, hogy nem haszn\u00e1lja a weboldalt illeg\u00e1lis c\u00e9lokra vagy olyan m\u00f3don, amely megs\u00e9rten\u00e9 harmadik felek jogait \u00e9s \u00e9rdekeit. B\u00e1rmely jogosulatlan haszn\u00e1latot s\u00falyos jogs\u00e9rt\u00e9snek tekintj\u00fck.<\/p>\n<h2>Webhelyhaszn\u00e1lat \u00e9s felhaszn\u00e1l\u00f3i tartalom<\/h2>\n<p>A felhaszn\u00e1l\u00f3 v\u00e1llalja, hogy a webhelyet szab\u00e1lyszer\u0171en \u00e9s jogszer\u0171en haszn\u00e1lja. Kifejezetten tilos:<\/p>\n<ul>\n<li>Hamis, f\u00e9lrevezet\u0151 vagy megt\u00e9veszt\u0151 tartalom k\u00f6zz\u00e9t\u00e9tele.<\/li>\n<li>Spam-tev\u00e9kenys\u00e9g v\u00e9gz\u00e9se vagy nem k\u00e9rt kereskedelmi \u00fczenetek k\u00fcld\u00e9se.<\/li>\n<li>Emberi m\u00e9lt\u00f3s\u00e1got s\u00e9rt\u0151, diszkriminat\u00edv, idegengy\u0171l\u00f6l\u0151, rasszista, pornogr\u00e1f vagy a k\u00f6zrendet s\u00e9rt\u0151 tartalom k\u00f6zz\u00e9t\u00e9tele.<\/li>\n<\/ul>\n<p>A felhaszn\u00e1l\u00f3 egyed\u00fcl felel\u0151s a kapcsolatfelv\u00e9teli vagy regisztr\u00e1ci\u00f3s \u0171rlapokon megadott adatok val\u00f3dis\u00e1g\u00e1\u00e9rt \u00e9s pontoss\u00e1g\u00e1\u00e9rt, valamint az \u00e1ltala adott \u00e9rt\u00e9kel\u00e9sek\u00e9rt vagy v\u00e9lem\u00e9nyek\u00e9rt.<\/p>\n<h2>J\u00f3t\u00e1ll\u00e1s kiz\u00e1r\u00e1sa \u00e9s felel\u0151ss\u00e9g korl\u00e1toz\u00e1sa<\/h2>\n<p>A weboldal \u201ejelenlegi \u00e1llapot\u00e1ban\u201d \u00e9rhet\u0151 el, b\u00e1rmif\u00e9le j\u00f3t\u00e1ll\u00e1s n\u00e9lk\u00fcl. Nem garant\u00e1ljuk, hogy a szolg\u00e1ltat\u00e1s megszak\u00edt\u00e1s n\u00e9lk\u00fcli, biztons\u00e1gos vagy hibamentes legyen. A bolt adatai el\u0151zetes \u00e9rtes\u00edt\u00e9s n\u00e9lk\u00fcl v\u00e1ltozhatnak, a felhaszn\u00e1l\u00f3 felel\u0151ss\u00e9ge, hogy k\u00f6zvetlen\u00fcl a v\u00e1llalkoz\u00e1sn\u00e1l ellen\u0151rizze azokat.<\/p>\n<p>Semmilyen k\u00f6r\u00fclm\u00e9nyek k\u00f6z\u00f6tt sem <strong>Bienvenido a pensiuneacasamaria.ro<\/strong> nem felel semmilyen k\u00f6zvetlen, k\u00f6zvetett, v\u00e9letlen, k\u00fcl\u00f6nleges, k\u00f6vetkezm\u00e9nyes vagy b\u00fcntet\u0151 jelleg\u0171 k\u00e1r\u00e9rt, ide\u00e9rtve, de nem kiz\u00e1r\u00f3lagosan a nyeres\u00e9g vagy adatveszt\u00e9s k\u00e1r\u00e1t, amely a szolg\u00e1ltat\u00e1s ig\u00e9nybev\u00e9tel\u00e9b\u0151l, haszn\u00e1lat\u00e1b\u00f3l vagy haszn\u00e1lhatatlans\u00e1g\u00e1b\u00f3l ered.<\/p>\n<h2>Hivatkoz\u00e1sok harmadik f\u00e9lt\u0151l sz\u00e1rmaz\u00f3 webhelyekre<\/h2>\n<p>Honlapunkon el\u0151fordulhatnak olyan hivatkoz\u00e1sok, amelyek harmadik f\u00e9l tulajdon\u00e1ban l\u00e9v\u0151 webhelyekre mutatnak. Nincs befoly\u00e1sunk ezen webhelyek felett, \u00e9s nem v\u00e1llalunk felel\u0151ss\u00e9get azok tartalm\u00e1\u00e9rt, adatv\u00e9delmi szab\u00e1lyzat\u00e1\u00e9rt vagy gyakorlat\u00e1\u00e9rt. Javasoljuk, hogy minden harmadik f\u00e9lt\u0151l sz\u00e1rmaz\u00f3 webhely eset\u00e9ben olvassa el azok felt\u00e9teleit \u00e9s szab\u00e1lyzat\u00e1t.<\/p>\n<h2>M\u00f3dos\u00edt\u00e1sok<\/h2>\n<p>Fenntartjuk a jogot, hogy ezeket a Felhaszn\u00e1l\u00e1si Felt\u00e9teleket b\u00e1rmikor m\u00f3dos\u00edtsuk vagy kicser\u00e9lj\u00fck. A v\u00e1ltoz\u00e1sok k\u00f6zz\u00e9t\u00e9tel\u00e9t k\u00f6vet\u0151en a webhely tov\u00e1bbi haszn\u00e1lat\u00e1val elfogadja az \u00faj felt\u00e9teleket.<\/p>\n<h2>Kapcsolat<\/h2>\n<p>Ha k\u00e9rd\u00e9sei vannak ezekkel a Felhaszn\u00e1l\u00e1si Felt\u00e9telekkel kapcsolatban, k\u00e9rj\u00fck, l\u00e9pjen kapcsolatba vel\u00fcnk a k\u00f6vetkez\u0151n kereszt\u00fcl: <a href=\"https:\/\/pensiuneacasamaria.ro\/kapcsolat\">kapcsolatfelv\u00e9teli oldal<\/a>.<\/p>\n","protected":false},"excerpt":{"rendered":"<p>\u00dcdv\u00f6z\u00f6lj\u00fck a(z) Bienvenido a pensiuneacasamaria.ro oldalon. A weboldal el\u00e9r\u00e9se \u00e9s haszn\u00e1lata az al\u00e1bbi felt\u00e9telek szerint t\u00f6rt\u00e9nik. A szolg\u00e1ltat\u00e1sok b\u00f6ng\u00e9sz\u00e9s\u00e9vel \u00e9s haszn\u00e1lat\u00e1val teljes eg\u00e9sz\u00e9ben felt\u00e9tel n\u00e9lk\u00fcl elfogadja ezen rendelkez\u00e9seket. Amennyiben nem \u00e9rt egyet a felt\u00e9telekkel, k\u00e9rj\u00fck, ne haszn\u00e1lja a k\u00f6nyvt\u00e1runkat. A szolg\u00e1ltat\u00e1s jellege Platformunk t\u00e1j\u00e9koztat\u00f3 jelleg\u0171 k\u00f6nyvt\u00e1rk\u00e9nt m\u0171k\u00f6dik, amelynek seg\u00edts\u00e9g\u00e9vel a felhaszn\u00e1l\u00f3k k\u00fcl\u00f6nb\u00f6z\u0151 \u00fczleteket \u00e9s szolg\u00e1ltat\u00f3kat<a href=\"https:\/\/pensiuneacasamaria.ro\/hu\/altalanos-szerzodesi-feltetelek\/\"><span class=\"sr-only\">&#8222;\u00c1ltal\u00e1nos Szerz\u0151d\u00e9si Felt\u00e9telek&#8221;<\/span> tov\u00e1bb olvas\u00e1sa<\/a><\/p>\n","protected":false},"author":1,"featured_media":0,"parent":0,"menu_order":0,"comment_status":"closed","ping_status":"closed","template":"","meta":{"footnotes":""},"class_list":["post-40","page","type-page","status-publish","hentry"],"_links":{"self":[{"href":"https:\/\/pensiuneacasamaria.ro\/hu\/wp-json\/wp\/v2\/pages\/40","targetHints":{"allow":["GET"]}}],"collection":[{"href":"https:\/\/pensiuneacasamaria.ro\/hu\/wp-json\/wp\/v2\/pages"}],"about":[{"href":"https:\/\/pensiuneacasamaria.ro\/hu\/wp-json\/wp\/v2\/types\/page"}],"author":[{"embeddable":true,"href":"https:\/\/pensiuneacasamaria.ro\/hu\/wp-json\/wp\/v2\/users\/1"}],"replies":[{"embeddable":true,"href":"https:\/\/pensiuneacasamaria.ro\/hu\/wp-json\/wp\/v2\/comments?post=40"}],"version-history":[{"count":0,"href":"https:\/\/pensiuneacasamaria.ro\/hu\/wp-json\/wp\/v2\/pages\/40\/revisions"}],"wp:attachment":[{"href":"https:\/\/pensiuneacasamaria.ro\/hu\/wp-json\/wp\/v2\/media?parent=40"}],"curies":[{"name":"wp","href":"https:\/\/api.w.org\/{rel}","templated":true}]}}